{"id":379,"date":"2025-04-28T16:15:35","date_gmt":"2025-04-28T14:15:35","guid":{"rendered":"https:\/\/lafabricaction.com\/?page_id=379"},"modified":"2025-04-28T16:15:39","modified_gmt":"2025-04-28T14:15:39","slug":"lettre-de-diffusion","status":"publish","type":"page","link":"https:\/\/lafabricaction.com\/index.php\/lettre-de-diffusion\/","title":{"rendered":"Lettre de diffusion"},"content":{"rendered":"  \n  \n  <div class=\"\n    mailpoet_form_popup_overlay\n      \"><\/div>\n  <div\n    id=\"mailpoet_form_1\"\n    class=\"\n      mailpoet_form\n      mailpoet_form_html\n      mailpoet_form_position_\n      mailpoet_form_animation_\n    \"\n      >\n\n    <style type=\"text\/css\">\n     #mailpoet_form_1 .mailpoet_form {  }\n#mailpoet_form_1 form { margin-bottom: 0; }\n#mailpoet_form_1 h1.mailpoet-heading { margin: 0 0 20px; }\n#mailpoet_form_1 p.mailpoet_form_paragraph.last { margin-bottom: 5px; }\n#mailpoet_form_1 .mailpoet_column_with_background { padding: 10px; }\n#mailpoet_form_1 .mailpoet_form_column:not(:first-child) { margin-left: 20px; }\n#mailpoet_form_1 .mailpoet_paragraph { line-height: 20px; margin-bottom: 20px; }\n#mailpoet_form_1 .mailpoet_segment_label, #mailpoet_form_1 .mailpoet_text_label, #mailpoet_form_1 .mailpoet_textarea_label, #mailpoet_form_1 .mailpoet_select_label, #mailpoet_form_1 .mailpoet_radio_label, #mailpoet_form_1 .mailpoet_checkbox_label, #mailpoet_form_1 .mailpoet_list_label, #mailpoet_form_1 .mailpoet_date_label { display: block; font-weight: normal; }\n#mailpoet_form_1 .mailpoet_text, #mailpoet_form_1 .mailpoet_textarea, #mailpoet_form_1 .mailpoet_select, #mailpoet_form_1 .mailpoet_date_month, #mailpoet_form_1 .mailpoet_date_day, #mailpoet_form_1 .mailpoet_date_year, #mailpoet_form_1 .mailpoet_date { display: block; }\n#mailpoet_form_1 .mailpoet_text, #mailpoet_form_1 .mailpoet_textarea { width: 200px; }\n#mailpoet_form_1 .mailpoet_checkbox {  }\n#mailpoet_form_1 .mailpoet_submit {  }\n#mailpoet_form_1 .mailpoet_divider {  }\n#mailpoet_form_1 .mailpoet_message {  }\n#mailpoet_form_1 .mailpoet_form_loading { width: 30px; text-align: center; line-height: normal; }\n#mailpoet_form_1 .mailpoet_form_loading > span { width: 5px; height: 5px; background-color: #5b5b5b; }#mailpoet_form_1{border-radius: 16px;background: #ffffff;color: #313131;text-align: left;}#mailpoet_form_1 form.mailpoet_form {padding: 16px;}#mailpoet_form_1{width: 100%;}#mailpoet_form_1 .mailpoet_message {margin: 0; padding: 0 20px;}\n        #mailpoet_form_1 .mailpoet_validate_success {color: #00d084}\n        #mailpoet_form_1 input.parsley-success {color: #00d084}\n        #mailpoet_form_1 select.parsley-success {color: #00d084}\n        #mailpoet_form_1 textarea.parsley-success {color: #00d084}\n      \n        #mailpoet_form_1 .mailpoet_validate_error {color: #cf2e2e}\n        #mailpoet_form_1 input.parsley-error {color: #cf2e2e}\n        #mailpoet_form_1 select.parsley-error {color: #cf2e2e}\n        #mailpoet_form_1 textarea.textarea.parsley-error {color: #cf2e2e}\n        #mailpoet_form_1 .parsley-errors-list {color: #cf2e2e}\n        #mailpoet_form_1 .parsley-required {color: #cf2e2e}\n        #mailpoet_form_1 .parsley-custom-error-message {color: #cf2e2e}\n      #mailpoet_form_1 .mailpoet_paragraph.last {margin-bottom: 0} @media (max-width: 500px) {#mailpoet_form_1 {background: #ffffff;}} @media (min-width: 500px) {#mailpoet_form_1 .last .mailpoet_paragraph:last-child {margin-bottom: 0}}  @media (max-width: 500px) {#mailpoet_form_1 .mailpoet_form_column:last-child .mailpoet_paragraph:last-child {margin-bottom: 0}} \n    <\/style>\n\n    <form\n      target=\"_self\"\n      method=\"post\"\n      action=\"https:\/\/lafabricaction.com\/wp-admin\/admin-post.php?action=mailpoet_subscription_form\"\n      class=\"mailpoet_form mailpoet_form_form mailpoet_form_html\"\n      novalidate\n      data-delay=\"\"\n      data-exit-intent-enabled=\"\"\n      data-font-family=\"\"\n      data-cookie-expiration-time=\"\"\n    >\n      <input type=\"hidden\" name=\"data[form_id]\" value=\"1\" \/>\n      <input type=\"hidden\" name=\"token\" value=\"d627da1f3f\" \/>\n      <input type=\"hidden\" name=\"api_version\" value=\"v1\" \/>\n      <input type=\"hidden\" name=\"endpoint\" value=\"subscribers\" \/>\n      <input type=\"hidden\" name=\"mailpoet_method\" value=\"subscribe\" \/>\n\n      <label class=\"mailpoet_hp_email_label\" style=\"display: none !important;\">Veuillez laisser ce champ vide<input type=\"email\" name=\"data[email]\"\/><\/label><div class=\"mailpoet_form_image\"><figure class=\"size-full aligncenter\"><img fetchpriority=\"high\" decoding=\"async\" width=\"558\" height=\"175\" src=\"https:\/\/lafabricaction.com\/wp-content\/uploads\/2025\/04\/cropped-logo-banniere-2.jpg\" alt class=\"wp-image-172\" srcset=\"https:\/\/lafabricaction.com\/wp-content\/uploads\/2025\/04\/cropped-logo-banniere-2.jpg 558w, https:\/\/lafabricaction.com\/wp-content\/uploads\/2025\/04\/cropped-logo-banniere-2-300x94.jpg 300w\"><\/figure><\/div>\n<h1 class=\"mailpoet-heading  mailpoet-has-font-size\" style=\"text-align: center; color: #313131; font-size: 40px; line-height: 1.2\"><span style=\"font-family: BioRhyme\" data-font=\"BioRhyme\" class=\"mailpoet-has-font\">Rester inform\u00e9 !<\/span><\/h1>\n<div class=\"mailpoet_paragraph \"><style>input[name=\"data[form_field_ZGIyMGU1ZGI0ZmUxX2VtYWls]\"]::placeholder{color:#abb8c3;opacity: 1;}<\/style><input type=\"email\" autocomplete=\"email\" class=\"mailpoet_text\" id=\"form_email_1\" name=\"data[form_field_ZGIyMGU1ZGI0ZmUxX2VtYWls]\" title=\"Adresse e-mail\" value=\"\" style=\"width:100%;box-sizing:border-box;background-color:#eeeeee;border-style:solid;border-radius:8px !important;border-width:0px;border-color:#313131;padding:16px;margin: 0 auto 0 0;font-family:&#039;Montserrat&#039;;font-size:20px;line-height:1.5;height:auto;color:#abb8c3;\" data-automation-id=\"form_email\"  placeholder=\"Adresse e-mail *\" aria-label=\"Adresse e-mail *\" data-parsley-errors-container=\".mailpoet_error_1potm\" data-parsley-required=\"true\" required aria-required=\"true\" data-parsley-minlength=\"6\" data-parsley-maxlength=\"150\" data-parsley-type-message=\"Cette valeur doit \u00eatre un e-mail valide.\" data-parsley-required-message=\"Ce champ est n\u00e9cessaire.\"\/><span class=\"mailpoet_error_1potm\"><\/span><\/div>\n<div class=\"mailpoet_paragraph \"><input type=\"submit\" class=\"mailpoet_submit\" value=\"Je m&#039;abonne\" data-automation-id=\"subscribe-submit-button\" data-font-family='Montserrat' style=\"width:100%;box-sizing:border-box;background-color:#000000;border-style:solid;border-radius:8px !important;border-width:0px;padding:16px;margin: 0 auto 0 0;font-family:&#039;Montserrat&#039;;font-size:24px;line-height:1.5;height:auto;color:#ffd456;border-color:transparent;font-weight:bold;\" \/><span class=\"mailpoet_form_loading\"><span class=\"mailpoet_bounce1\"><\/span><span class=\"mailpoet_bounce2\"><\/span><span class=\"mailpoet_bounce3\"><\/span><\/span><\/div>\n<p class=\"mailpoet_form_paragraph  mailpoet-has-font-size\" style=\"text-align: center; font-size: 13px; line-height: 1.5\"><em><span style=\"font-family: Montserrat\" data-font=\"Montserrat\" class=\"mailpoet-has-font\">Nous ne spammons pas\u00a0! Consultez notre <a target=\"_blank\" href=\"https:\/\/lafabricaction.com\/index.php\/qui-sommes-nous\/politique-de-confidentialite\/\">politique de confidentialit\u00e9<\/a> pour plus d\u2019informations.<\/span><\/em><\/p>\n\n      <div class=\"mailpoet_message\">\n        <p class=\"mailpoet_validate_success\"\n                style=\"display:none;\"\n                >V\u00e9rifiez votre boite de r\u00e9ception ou votre r\u00e9pertoire d\u2019ind\u00e9sirables pour confirmer votre abonnement.\n        <\/p>\n        <p class=\"mailpoet_validate_error\"\n                style=\"display:none;\"\n                >        <\/p>\n      <\/div>\n    <\/form>\n\n      <\/div>\n\n  ","protected":false},"excerpt":{"rendered":"","protected":false},"author":2,"featured_media":0,"parent":0,"menu_order":0,"comment_status":"closed","ping_status":"closed","template":"","meta":{"ocean_post_layout":"","ocean_both_sidebars_style":"","ocean_both_sidebars_content_width":0,"ocean_both_sidebars_sidebars_width":0,"ocean_sidebar":"","ocean_second_sidebar":"","ocean_disable_margins":"enable","ocean_add_body_class":"","ocean_shortcode_before_top_bar":"","ocean_shortcode_after_top_bar":"","ocean_shortcode_before_header":"","ocean_shortcode_after_header":"","ocean_has_shortcode":"","ocean_shortcode_after_title":"","ocean_shortcode_before_footer_widgets":"","ocean_shortcode_after_footer_widgets":"","ocean_shortcode_before_footer_bottom":"","ocean_shortcode_after_footer_bottom":"","ocean_display_top_bar":"default","ocean_display_header":"default","ocean_header_style":"","ocean_center_header_left_menu":"","ocean_custom_header_template":"","ocean_custom_logo":0,"ocean_custom_retina_logo":0,"ocean_custom_logo_max_width":0,"ocean_custom_logo_tablet_max_width":0,"ocean_custom_logo_mobile_max_width":0,"ocean_custom_logo_max_height":0,"ocean_custom_logo_tablet_max_height":0,"ocean_custom_logo_mobile_max_height":0,"ocean_header_custom_menu":"","ocean_menu_typo_font_family":"","ocean_menu_typo_font_subset":"","ocean_menu_typo_font_size":0,"ocean_menu_typo_font_size_tablet":0,"ocean_menu_typo_font_size_mobile":0,"ocean_menu_typo_font_size_unit":"px","ocean_menu_typo_font_weight":"","ocean_menu_typo_font_weight_tablet":"","ocean_menu_typo_font_weight_mobile":"","ocean_menu_typo_transform":"","ocean_menu_typo_transform_tablet":"","ocean_menu_typo_transform_mobile":"","ocean_menu_typo_line_height":0,"ocean_menu_typo_line_height_tablet":0,"ocean_menu_typo_line_height_mobile":0,"ocean_menu_typo_line_height_unit":"","ocean_menu_typo_spacing":0,"ocean_menu_typo_spacing_tablet":0,"ocean_menu_typo_spacing_mobile":0,"ocean_menu_typo_spacing_unit":"","ocean_menu_link_color":"","ocean_menu_link_color_hover":"","ocean_menu_link_color_active":"","ocean_menu_link_background":"","ocean_menu_link_hover_background":"","ocean_menu_link_active_background":"","ocean_menu_social_links_bg":"","ocean_menu_social_hover_links_bg":"","ocean_menu_social_links_color":"","ocean_menu_social_hover_links_color":"","ocean_disable_title":"default","ocean_disable_heading":"default","ocean_post_title":"","ocean_post_subheading":"","ocean_post_title_style":"","ocean_post_title_background_color":"","ocean_post_title_background":0,"ocean_post_title_bg_image_position":"","ocean_post_title_bg_image_attachment":"","ocean_post_title_bg_image_repeat":"","ocean_post_title_bg_image_size":"","ocean_post_title_height":0,"ocean_post_title_bg_overlay":0.5,"ocean_post_title_bg_overlay_color":"","ocean_disable_breadcrumbs":"default","ocean_breadcrumbs_color":"","ocean_breadcrumbs_separator_color":"","ocean_breadcrumbs_links_color":"","ocean_breadcrumbs_links_hover_color":"","ocean_display_footer_widgets":"default","ocean_display_footer_bottom":"default","ocean_custom_footer_template":"","footnotes":""},"class_list":["post-379","page","type-page","status-publish","hentry","entry"],"_links":{"self":[{"href":"https:\/\/lafabricaction.com\/index.php\/wp-json\/wp\/v2\/pages\/379","targetHints":{"allow":["GET"]}}],"collection":[{"href":"https:\/\/lafabricaction.com\/index.php\/wp-json\/wp\/v2\/pages"}],"about":[{"href":"https:\/\/lafabricaction.com\/index.php\/wp-json\/wp\/v2\/types\/page"}],"author":[{"embeddable":true,"href":"https:\/\/lafabricaction.com\/index.php\/wp-json\/wp\/v2\/users\/2"}],"replies":[{"embeddable":true,"href":"https:\/\/lafabricaction.com\/index.php\/wp-json\/wp\/v2\/comments?post=379"}],"version-history":[{"count":1,"href":"https:\/\/lafabricaction.com\/index.php\/wp-json\/wp\/v2\/pages\/379\/revisions"}],"predecessor-version":[{"id":381,"href":"https:\/\/lafabricaction.com\/index.php\/wp-json\/wp\/v2\/pages\/379\/revisions\/381"}],"wp:attachment":[{"href":"https:\/\/lafabricaction.com\/index.php\/wp-json\/wp\/v2\/media?parent=379"}],"curies":[{"name":"wp","href":"https:\/\/api.w.org\/{rel}","templated":true}]}}