{"id":384,"date":"2025-04-29T14:01:59","date_gmt":"2025-04-29T12:01:59","guid":{"rendered":"https:\/\/lafabricaction.com\/?page_id=384"},"modified":"2025-05-21T18:10:53","modified_gmt":"2025-05-21T16:10:53","slug":"publications","status":"publish","type":"page","link":"https:\/\/lafabricaction.com\/index.php\/publications\/","title":{"rendered":"Publications"},"content":{"rendered":"\n<h2>&#8220;Le Carrousel&#8221; :<\/h2>\n\n\n\n<ul class=\"wp-block-list\">\n<li><a href=\"https:\/\/lafabricaction.com\/wp-content\/uploads\/La-Ressourcerie-du-Pont-du-Gard-reunit-son-conseil-midilibre-18-02-25.pdf\">Midi Libre 18 f\u00e9vrier 2025<\/a><\/li>\n\n\n\n<li><a href=\"https:\/\/lafabricaction.com\/wp-content\/uploads\/Fabricaction-un-moment-creatif-et-gourmand-midilibre-14-03-25.pdf\" target=\"_blank\" rel=\"noreferrer noopener\">La Fabric\u2019action, un moment cr\u00e9atif et gourmand &#8211; Midi Libre 14 mars 2025<\/a><\/li>\n\n\n\n<li><a href=\"https:\/\/lafabricaction.com\/wp-content\/uploads\/article-republicain-13_02_2025.pdf\" target=\"_blank\" rel=\"noreferrer noopener\">Le R\u00e9publicain d&#8217;Uz\u00e8s et du Gard 13 F\u00e9vrier 2025<\/a><\/li>\n\n\n\n<li><a href=\"https:\/\/lafabricaction.com\/wp-content\/uploads\/Artcle-16_01_2025_article-le-republicain-scaled.jpg\" target=\"_blank\" rel=\"noreferrer noopener\">Le R\u00e9publicain d&#8217;Uz\u00e8s et du Gard 16 Janvier 2025<\/a><\/li>\n\n\n\n<li><a href=\"https:\/\/lafabricaction.com\/wp-content\/uploads\/ARTICLE-REPUBLICAIN-30_01_2025-scaled.jpg\">Le R\u00e9publicain d&#8217;Uz\u00e8s et du Gard 30 janvier 2025<\/a><\/li>\n\n\n\n<li><a href=\"https:\/\/lafabricaction.com\/wp-content\/uploads\/carroussel-avril-25.pdf\" target=\"_blank\" rel=\"noreferrer noopener\">Le Carrousel Avril 2025 : lien de t\u00e9l\u00e9chargement<\/a><\/li>\n<\/ul>\n\n\n\n<div class=\"wp-block-envira-envira-gallery\"><div id=\"envira-gallery-wrap-394\" class=\"envira-gallery-wrap envira-gallery-theme-base envira-lightbox-theme-base\" itemscope itemtype=\"https:\/\/schema.org\/ImageGallery\"><div data-row-height=\"150\" data-gallery-theme=\"normal\" id=\"envira-gallery-394\" class=\"envira-gallery-public envira-gallery-justified-public envira-gallery-0-columns envira-clear enviratope envira-gallery-css-animations\" data-envira-columns=\"0\"><div id=\"envira-gallery-item-396\" class=\"envira-gallery-item enviratope-item envira-gallery-item-1 envira-lazy-load\" style=\"padding-left: 1px; padding-bottom: 1px; padding-right: 1px;\"  itemscope itemtype=\"https:\/\/schema.org\/ImageObject\"><div class=\"envira-gallery-item-inner\"><div class=\"envira-gallery-position-overlay  envira-gallery-top-left\"><\/div><div class=\"envira-gallery-position-overlay  envira-gallery-top-right\"><\/div><div class=\"envira-gallery-position-overlay  envira-gallery-bottom-left\"><\/div><div class=\"envira-gallery-position-overlay  envira-gallery-bottom-right\"><\/div><a href=\"https:\/\/lafabricaction.com\/wp-content\/uploads\/carroussel-01-2-212x300.jpg\" class=\"envira-gallery-394 envira-gallery-link\" rel=\"enviragallery394\" title=\"carroussel 01\" data-envira-caption=\"carroussel 01\" data-envira-retina=\"\" data-thumbnail=\"\"  itemprop=\"contentUrl\"><img decoding=\"async\" id=\"envira-gallery-image-396\" class=\"envira-gallery-image envira-gallery-image-1 envira-normal envira-lazy\" data-envira-index=\"1\" src=\"https:\/\/lafabricaction.com\/wp-content\/uploads\/carroussel-01-2-150x150.jpg\" data-envira-src=\"https:\/\/lafabricaction.com\/wp-content\/uploads\/carroussel-01-2-150x150.jpg\" data-envira-gallery-id=\"394\" data-envira-item-id=\"396\" data-envira-caption=\"carroussel 01\" alt=\"\" title=\"carroussel 01\"  itemprop=\"thumbnailUrl\" data-envira-srcset=\"https:\/\/lafabricaction.com\/wp-content\/uploads\/carroussel-01-2-150x150.jpg 400w,https:\/\/lafabricaction.com\/wp-content\/uploads\/carroussel-01-2-150x150.jpg 2x\" data-envira-width=\"212\" data-envira-height=\"300\" srcset=\"data:image\/gif;base64,R0lGODlhAQABAIAAAP\/\/\/\/\/\/\/yH5BAEKAAEALAAAAAABAAEAAAICTAEAOw==\" data-safe-src=\"data:image\/gif;base64,R0lGODlhAQABAIAAAP\/\/\/\/\/\/\/yH5BAEKAAEALAAAAAABAAEAAAICTAEAOw==\" \/><\/a><\/div><\/div><div id=\"envira-gallery-item-397\" class=\"envira-gallery-item enviratope-item envira-gallery-item-2 envira-lazy-load\" style=\"padding-left: 1px; padding-bottom: 1px; padding-right: 1px;\"  itemscope itemtype=\"https:\/\/schema.org\/ImageObject\"><div class=\"envira-gallery-item-inner\"><div class=\"envira-gallery-position-overlay  envira-gallery-top-left\"><\/div><div class=\"envira-gallery-position-overlay  envira-gallery-top-right\"><\/div><div class=\"envira-gallery-position-overlay  envira-gallery-bottom-left\"><\/div><div class=\"envira-gallery-position-overlay  envira-gallery-bottom-right\"><\/div><a href=\"https:\/\/lafabricaction.com\/wp-content\/uploads\/carroussel-02-1-213x300.jpg\" class=\"envira-gallery-394 envira-gallery-link\" rel=\"enviragallery394\" title=\"carroussel 02\" data-envira-caption=\"carroussel 02\" data-envira-retina=\"\" data-thumbnail=\"\"  itemprop=\"contentUrl\"><img decoding=\"async\" id=\"envira-gallery-image-397\" class=\"envira-gallery-image envira-gallery-image-2 envira-normal envira-lazy\" data-envira-index=\"2\" src=\"https:\/\/lafabricaction.com\/wp-content\/uploads\/carroussel-02-1-150x150.jpg\" data-envira-src=\"https:\/\/lafabricaction.com\/wp-content\/uploads\/carroussel-02-1-150x150.jpg\" data-envira-gallery-id=\"394\" data-envira-item-id=\"397\" data-envira-caption=\"carroussel 02\" alt=\"\" title=\"carroussel 02\"  itemprop=\"thumbnailUrl\" data-envira-srcset=\"https:\/\/lafabricaction.com\/wp-content\/uploads\/carroussel-02-1-150x150.jpg 400w,https:\/\/lafabricaction.com\/wp-content\/uploads\/carroussel-02-1-150x150.jpg 2x\" data-envira-width=\"213\" data-envira-height=\"300\" srcset=\"data:image\/gif;base64,R0lGODlhAQABAIAAAP\/\/\/\/\/\/\/yH5BAEKAAEALAAAAAABAAEAAAICTAEAOw==\" data-safe-src=\"data:image\/gif;base64,R0lGODlhAQABAIAAAP\/\/\/\/\/\/\/yH5BAEKAAEALAAAAAABAAEAAAICTAEAOw==\" \/><\/a><\/div><\/div><div id=\"envira-gallery-item-398\" class=\"envira-gallery-item enviratope-item envira-gallery-item-3 envira-lazy-load\" style=\"padding-left: 1px; padding-bottom: 1px; padding-right: 1px;\"  itemscope itemtype=\"https:\/\/schema.org\/ImageObject\"><div class=\"envira-gallery-item-inner\"><div class=\"envira-gallery-position-overlay  envira-gallery-top-left\"><\/div><div class=\"envira-gallery-position-overlay  envira-gallery-top-right\"><\/div><div class=\"envira-gallery-position-overlay  envira-gallery-bottom-left\"><\/div><div class=\"envira-gallery-position-overlay  envira-gallery-bottom-right\"><\/div><a href=\"https:\/\/lafabricaction.com\/wp-content\/uploads\/carroussel-03-1-209x300.jpg\" class=\"envira-gallery-394 envira-gallery-link\" rel=\"enviragallery394\" title=\"carroussel 03\" data-envira-caption=\"carroussel 03\" data-envira-retina=\"\" data-thumbnail=\"\"  itemprop=\"contentUrl\"><img decoding=\"async\" id=\"envira-gallery-image-398\" class=\"envira-gallery-image envira-gallery-image-3 envira-normal envira-lazy\" data-envira-index=\"3\" src=\"https:\/\/lafabricaction.com\/wp-content\/uploads\/carroussel-03-1-150x150.jpg\" data-envira-src=\"https:\/\/lafabricaction.com\/wp-content\/uploads\/carroussel-03-1-150x150.jpg\" data-envira-gallery-id=\"394\" data-envira-item-id=\"398\" data-envira-caption=\"carroussel 03\" alt=\"\" title=\"carroussel 03\"  itemprop=\"thumbnailUrl\" data-envira-srcset=\"https:\/\/lafabricaction.com\/wp-content\/uploads\/carroussel-03-1-150x150.jpg 400w,https:\/\/lafabricaction.com\/wp-content\/uploads\/carroussel-03-1-150x150.jpg 2x\" data-envira-width=\"209\" data-envira-height=\"300\" srcset=\"data:image\/gif;base64,R0lGODlhAQABAIAAAP\/\/\/\/\/\/\/yH5BAEKAAEALAAAAAABAAEAAAICTAEAOw==\" data-safe-src=\"data:image\/gif;base64,R0lGODlhAQABAIAAAP\/\/\/\/\/\/\/yH5BAEKAAEALAAAAAABAAEAAAICTAEAOw==\" \/><\/a><\/div><\/div><div id=\"envira-gallery-item-395\" class=\"envira-gallery-item enviratope-item envira-gallery-item-4 envira-lazy-load\" style=\"padding-left: 1px; padding-bottom: 1px; padding-right: 1px;\"  itemscope itemtype=\"https:\/\/schema.org\/ImageObject\"><div class=\"envira-gallery-item-inner\"><div class=\"envira-gallery-position-overlay  envira-gallery-top-left\"><\/div><div class=\"envira-gallery-position-overlay  envira-gallery-top-right\"><\/div><div class=\"envira-gallery-position-overlay  envira-gallery-bottom-left\"><\/div><div class=\"envira-gallery-position-overlay  envira-gallery-bottom-right\"><\/div><a href=\"https:\/\/lafabricaction.com\/wp-content\/uploads\/carroussel-04-1-213x300.jpg\" class=\"envira-gallery-394 envira-gallery-link\" rel=\"enviragallery394\" title=\"carroussel 04\" data-envira-caption=\"carroussel 04\" data-envira-retina=\"\" data-thumbnail=\"\"  itemprop=\"contentUrl\"><img decoding=\"async\" id=\"envira-gallery-image-395\" class=\"envira-gallery-image envira-gallery-image-4 envira-normal envira-lazy\" data-envira-index=\"4\" src=\"https:\/\/lafabricaction.com\/wp-content\/uploads\/carroussel-04-1-150x150.jpg\" data-envira-src=\"https:\/\/lafabricaction.com\/wp-content\/uploads\/carroussel-04-1-150x150.jpg\" data-envira-gallery-id=\"394\" data-envira-item-id=\"395\" data-envira-caption=\"carroussel 04\" alt=\"\" title=\"carroussel 04\"  itemprop=\"thumbnailUrl\" data-envira-srcset=\"https:\/\/lafabricaction.com\/wp-content\/uploads\/carroussel-04-1-150x150.jpg 400w,https:\/\/lafabricaction.com\/wp-content\/uploads\/carroussel-04-1-150x150.jpg 2x\" data-envira-width=\"213\" data-envira-height=\"300\" srcset=\"data:image\/gif;base64,R0lGODlhAQABAIAAAP\/\/\/\/\/\/\/yH5BAEKAAEALAAAAAABAAEAAAICTAEAOw==\" data-safe-src=\"data:image\/gif;base64,R0lGODlhAQABAIAAAP\/\/\/\/\/\/\/yH5BAEKAAEALAAAAAABAAEAAAICTAEAOw==\" \/><\/a><\/div><\/div><\/div><\/div><noscript><img decoding=\"async\" src=\"https:\/\/lafabricaction.com\/wp-content\/uploads\/carroussel-01-2.jpg\" alt=\"\" \/><img decoding=\"async\" src=\"https:\/\/lafabricaction.com\/wp-content\/uploads\/carroussel-02-1.jpg\" alt=\"\" \/><img decoding=\"async\" src=\"https:\/\/lafabricaction.com\/wp-content\/uploads\/carroussel-03-1.jpg\" alt=\"\" \/><img decoding=\"async\" src=\"https:\/\/lafabricaction.com\/wp-content\/uploads\/carroussel-04-1.jpg\" alt=\"\" \/><\/noscript><\/div>\n\n\n\n<ul class=\"wp-block-list\">\n<li><\/li>\n<\/ul>\n\n\n\n<p><\/p>\n","protected":false},"excerpt":{"rendered":"<p>&#8220;Le Carrousel&#8221; :<\/p>\n","protected":false},"author":2,"featured_media":0,"parent":0,"menu_order":0,"comment_status":"closed","ping_status":"closed","template":"","meta":{"ocean_post_layout":"","ocean_both_sidebars_style":"","ocean_both_sidebars_content_width":0,"ocean_both_sidebars_sidebars_width":0,"ocean_sidebar":"","ocean_second_sidebar":"","ocean_disable_margins":"enable","ocean_add_body_class":"","ocean_shortcode_before_top_bar":"","ocean_shortcode_after_top_bar":"","ocean_shortcode_before_header":"","ocean_shortcode_after_header":"","ocean_has_shortcode":"","ocean_shortcode_after_title":"","ocean_shortcode_before_footer_widgets":"","ocean_shortcode_after_footer_widgets":"","ocean_shortcode_before_footer_bottom":"","ocean_shortcode_after_footer_bottom":"","ocean_display_top_bar":"default","ocean_display_header":"default","ocean_header_style":"","ocean_center_header_left_menu":"","ocean_custom_header_template":"","ocean_custom_logo":0,"ocean_custom_retina_logo":0,"ocean_custom_logo_max_width":0,"ocean_custom_logo_tablet_max_width":0,"ocean_custom_logo_mobile_max_width":0,"ocean_custom_logo_max_height":0,"ocean_custom_logo_tablet_max_height":0,"ocean_custom_logo_mobile_max_height":0,"ocean_header_custom_menu":"","ocean_menu_typo_font_family":"","ocean_menu_typo_font_subset":"","ocean_menu_typo_font_size":0,"ocean_menu_typo_font_size_tablet":0,"ocean_menu_typo_font_size_mobile":0,"ocean_menu_typo_font_size_unit":"px","ocean_menu_typo_font_weight":"","ocean_menu_typo_font_weight_tablet":"","ocean_menu_typo_font_weight_mobile":"","ocean_menu_typo_transform":"","ocean_menu_typo_transform_tablet":"","ocean_menu_typo_transform_mobile":"","ocean_menu_typo_line_height":0,"ocean_menu_typo_line_height_tablet":0,"ocean_menu_typo_line_height_mobile":0,"ocean_menu_typo_line_height_unit":"","ocean_menu_typo_spacing":0,"ocean_menu_typo_spacing_tablet":0,"ocean_menu_typo_spacing_mobile":0,"ocean_menu_typo_spacing_unit":"","ocean_menu_link_color":"","ocean_menu_link_color_hover":"","ocean_menu_link_color_active":"","ocean_menu_link_background":"","ocean_menu_link_hover_background":"","ocean_menu_link_active_background":"","ocean_menu_social_links_bg":"","ocean_menu_social_hover_links_bg":"","ocean_menu_social_links_color":"","ocean_menu_social_hover_links_color":"","ocean_disable_title":"default","ocean_disable_heading":"default","ocean_post_title":"","ocean_post_subheading":"","ocean_post_title_style":"","ocean_post_title_background_color":"","ocean_post_title_background":0,"ocean_post_title_bg_image_position":"","ocean_post_title_bg_image_attachment":"","ocean_post_title_bg_image_repeat":"","ocean_post_title_bg_image_size":"","ocean_post_title_height":0,"ocean_post_title_bg_overlay":0.5,"ocean_post_title_bg_overlay_color":"","ocean_disable_breadcrumbs":"default","ocean_breadcrumbs_color":"","ocean_breadcrumbs_separator_color":"","ocean_breadcrumbs_links_color":"","ocean_breadcrumbs_links_hover_color":"","ocean_display_footer_widgets":"default","ocean_display_footer_bottom":"default","ocean_custom_footer_template":"","footnotes":""},"class_list":["post-384","page","type-page","status-publish","hentry","entry"],"_links":{"self":[{"href":"https:\/\/lafabricaction.com\/index.php\/wp-json\/wp\/v2\/pages\/384","targetHints":{"allow":["GET"]}}],"collection":[{"href":"https:\/\/lafabricaction.com\/index.php\/wp-json\/wp\/v2\/pages"}],"about":[{"href":"https:\/\/lafabricaction.com\/index.php\/wp-json\/wp\/v2\/types\/page"}],"author":[{"embeddable":true,"href":"https:\/\/lafabricaction.com\/index.php\/wp-json\/wp\/v2\/users\/2"}],"replies":[{"embeddable":true,"href":"https:\/\/lafabricaction.com\/index.php\/wp-json\/wp\/v2\/comments?post=384"}],"version-history":[{"count":6,"href":"https:\/\/lafabricaction.com\/index.php\/wp-json\/wp\/v2\/pages\/384\/revisions"}],"predecessor-version":[{"id":500,"href":"https:\/\/lafabricaction.com\/index.php\/wp-json\/wp\/v2\/pages\/384\/revisions\/500"}],"wp:attachment":[{"href":"https:\/\/lafabricaction.com\/index.php\/wp-json\/wp\/v2\/media?parent=384"}],"curies":[{"name":"wp","href":"https:\/\/api.w.org\/{rel}","templated":true}]}}